{"id":3162,"date":"2025-08-22T18:19:00","date_gmt":"2025-08-22T18:19:00","guid":{"rendered":"https:\/\/idelostudio.com\/?page_id=3162"},"modified":"2025-08-23T09:50:28","modified_gmt":"2025-08-23T09:50:28","slug":"politique-de-confidentialite","status":"publish","type":"page","link":"https:\/\/idelostudio.com\/?page_id=3162","title":{"rendered":"Politique de confidentialit\u00e9"},"content":{"rendered":"\t\t<div data-elementor-type=\"wp-page\" data-elementor-id=\"3162\" class=\"elementor elementor-3162\">\n\t\t\t\t<div class=\"elementor-element elementor-element-1d3e98c e-flex e-con-boxed e-con e-parent\" data-id=\"1d3e98c\" data-element_type=\"container\" data-e-type=\"container\">\n\t\t\t\t\t<div class=\"e-con-inner\">\n\t\t\t\t<div class=\"elementor-element elementor-element-3d770af elementor-widget elementor-widget-heading\" data-id=\"3d770af\" data-element_type=\"widget\" data-e-type=\"widget\" data-widget_type=\"heading.default\">\n\t\t\t\t<div class=\"elementor-widget-container\">\n\t\t\t\t\t<h2 class=\"elementor-heading-title elementor-size-default\">Mentions l\u00e9gales<\/h2>\t\t\t\t<\/div>\n\t\t\t\t<\/div>\n\t\t\t\t\t<\/div>\n\t\t\t\t<\/div>\n\t\t<div class=\"elementor-element elementor-element-07af44c e-flex e-con-boxed e-con e-parent\" data-id=\"07af44c\" data-element_type=\"container\" data-e-type=\"container\">\n\t\t\t\t\t<div class=\"e-con-inner\">\n\t\t\t\t<div class=\"elementor-element elementor-element-eef17de elementor-widget elementor-widget-text-editor\" data-id=\"eef17de\" data-element_type=\"widget\" data-e-type=\"widget\" data-widget_type=\"text-editor.default\">\n\t\t\t\t<div class=\"elementor-widget-container\">\n\t\t\t\t\t\t\t\t\t<p>En contrat CAPE au sein de la coop\u00e9rative d\u2019activit\u00e9s et d\u2019emploi Artenr\u00e9el depuis juin 2025.<br \/>Soci\u00e9t\u00e9 Coop\u00e9rative \u00e0 Responsabilit\u00e9 Limit\u00e9e \u00e0 capital variable.<br \/>Si\u00e8ge social\u202f: Kaleidoscoop, 5 rue de la Coop\u00e9rative, 67000 Strasbourg<br \/>T\u00e9l.\u202f:\u00a0<a title=\"tel:+33388445099\" href=\"tel:+33388445099\" target=\"_blank\" rel=\"noopener noreferrer\" data-auth=\"NotApplicable\" data-linkindex=\"0\">+33 3 88 44 50 99<\/a><br \/>Email\u202f:\u00a0<a title=\"mailto:cooperative@artenreel.coop\" href=\"mailto:cooperative@artenreel.coop\" data-linkindex=\"1\">cooperative@artenreel.coop<\/a><br \/>Site web\u202f:\u00a0<a title=\"Prot\u00e9g\u00e9 par Outlook\u00a0: https:\/\/artenreel.fr\/. Cliquez ou appuyez pour suivre le lien.\" href=\"https:\/\/emea01.safelinks.protection.outlook.com\/?url=https%3A%2F%2Fartenreel.fr%2F&amp;data=05%7C02%7C%7Cbfa128daa638447c5c4508dde17de888%7C84df9e7fe9f640afb435aaaaaaaaaaaa%7C1%7C0%7C638914653080466753%7CUnknown%7CTWFpbGZsb3d8eyJFbXB0eU1hcGkiOnRydWUsIlYiOiIwLjAuMDAwMCIsIlAiOiJXaW4zMiIsIkFOIjoiTWFpbCIsIldUIjoyfQ%3D%3D%7C0%7C%7C%7C&amp;sdata=gANtv4T2fKqsNJQ6X%2FFQwor23UwlahnFTN92SRWNqwE%3D&amp;reserved=0\" target=\"_blank\" rel=\"noopener noreferrer\" data-auth=\"NotApplicable\" data-linkindex=\"2\">artenreel.fr<\/a><br \/>SIRET\u202f: 478 407 968 00054<br \/>Code APE\u202f: 85.59B<\/p>\t\t\t\t\t\t\t\t<\/div>\n\t\t\t\t<\/div>\n\t\t\t\t\t<\/div>\n\t\t\t\t<\/div>\n\t\t<div class=\"elementor-element elementor-element-83315d9 e-flex e-con-boxed e-con e-parent\" data-id=\"83315d9\" data-element_type=\"container\" data-e-type=\"container\">\n\t\t\t\t\t<div class=\"e-con-inner\">\n\t\t\t\t<div class=\"elementor-element elementor-element-e84eacf elementor-widget elementor-widget-heading\" data-id=\"e84eacf\" data-element_type=\"widget\" data-e-type=\"widget\" data-widget_type=\"heading.default\">\n\t\t\t\t<div class=\"elementor-widget-container\">\n\t\t\t\t\t<h2 class=\"elementor-heading-title elementor-size-default\">Politique de confidentialit\u00e9<\/h2>\t\t\t\t<\/div>\n\t\t\t\t<\/div>\n\t\t\t\t\t<\/div>\n\t\t\t\t<\/div>\n\t\t<div class=\"elementor-element elementor-element-53464607 e-flex e-con-boxed e-con e-parent\" data-id=\"53464607\" data-element_type=\"container\" data-e-type=\"container\">\n\t\t\t\t\t<div class=\"e-con-inner\">\n\t\t\t\t<div class=\"elementor-element elementor-element-588aeab7 elementor-widget elementor-widget-text-editor\" data-id=\"588aeab7\" data-element_type=\"widget\" data-e-type=\"widget\" data-widget_type=\"text-editor.default\">\n\t\t\t\t<div class=\"elementor-widget-container\">\n\t\t\t\t\t\t\t\t\t<p data-start=\"362\" data-end=\"518\">Chez <strong data-start=\"367\" data-end=\"414\">Idelostudio<\/strong>, je respecte votre vie priv\u00e9e et je m\u2019engage \u00e0 prot\u00e9ger les donn\u00e9es personnelles que vous me confiez.<\/p>\n<h4>1. Responsable du traitement<\/h4>\n<p data-start=\"554\" data-end=\"662\"><strong data-start=\"554\" data-end=\"584\">Idelo<\/strong><br data-start=\"584\" data-end=\"587\" \/>Adresse : 13 rue des bois \u00e0 Feldkirch<br data-start=\"610\" data-end=\"613\" \/>Email : <a class=\"email-address link-standard\" href=\"https:\/\/my.ionos.fr\/email-account-details\/mailbox\/17232887702\">info@idelostudio.com<\/a><br data-start=\"632\" data-end=\"635\" \/>N\u00b0 SIRET : <span data-olk-copy-source=\"MessageBody\">478 407 968 00054<\/span><\/p>\n<h4 data-start=\"664\" data-end=\"690\">2. Donn\u00e9es collect\u00e9es<\/h4>\n<p data-start=\"691\" data-end=\"781\">Je peux collecter les donn\u00e9es suivantes lorsque vous utilisez mon site ou me contactez :<\/p>\n<ul data-start=\"782\" data-end=\"1007\">\n<li data-start=\"782\" data-end=\"797\">\n<p data-start=\"784\" data-end=\"797\">Nom, pr\u00e9nom<\/p>\n<\/li>\n<li data-start=\"798\" data-end=\"815\">\n<p data-start=\"800\" data-end=\"815\">Adresse email<\/p>\n<\/li>\n<li data-start=\"816\" data-end=\"866\">\n<p data-start=\"818\" data-end=\"866\">Num\u00e9ro de t\u00e9l\u00e9phone (si fourni volontairement)<\/p>\n<\/li>\n<li data-start=\"867\" data-end=\"922\">\n<p data-start=\"869\" data-end=\"922\">Contenu du message (formulaire de contact ou email)<\/p>\n<\/li>\n<li data-start=\"923\" data-end=\"1007\">\n<p data-start=\"925\" data-end=\"1007\">Donn\u00e9es de navigation via les cookies (pages visit\u00e9es, dur\u00e9e de connexion, etc.)<\/p>\n<\/li>\n<\/ul>\n<h4 data-start=\"1009\" data-end=\"1040\">3. Finalit\u00e9 de la collecte<\/h4>\n<p data-start=\"1041\" data-end=\"1088\">Vos donn\u00e9es sont collect\u00e9es uniquement pour :<\/p>\n<ul data-start=\"1089\" data-end=\"1273\">\n<li data-start=\"1089\" data-end=\"1145\">\n<p data-start=\"1091\" data-end=\"1145\">R\u00e9pondre \u00e0 vos demandes via le formulaire de contact<\/p>\n<\/li>\n<li data-start=\"1146\" data-end=\"1198\">\n<p data-start=\"1148\" data-end=\"1198\">\u00c9tablir des devis et assurer le suivi de projets<\/p>\n<\/li>\n<li data-start=\"1199\" data-end=\"1273\">\n<p data-start=\"1201\" data-end=\"1273\">Am\u00e9liorer l\u2019exp\u00e9rience utilisateur sur le site (statistiques anonymes)<\/p>\n<\/li>\n<\/ul>\n<h4 data-start=\"1275\" data-end=\"1302\">4. Partage des donn\u00e9es<\/h4>\n<p data-start=\"1303\" data-end=\"1412\">Vos donn\u00e9es personnelles ne sont <strong data-start=\"1336\" data-end=\"1364\">jamais vendues ni lou\u00e9es<\/strong>.<br data-start=\"1365\" data-end=\"1368\" \/>Elles peuvent \u00eatre transmises uniquement :<\/p>\n<ul data-start=\"1413\" data-end=\"1502\">\n<li data-start=\"1413\" data-end=\"1502\">\n<p data-start=\"1415\" data-end=\"1502\">Aux prestataires techniques n\u00e9cessaires au fonctionnement du site (h\u00e9bergeur, email).<\/p>\n<\/li>\n<\/ul>\n<h4 data-start=\"1504\" data-end=\"1536\">5. Conservation des donn\u00e9es<\/h4>\n<ul data-start=\"1537\" data-end=\"1697\">\n<li data-start=\"1537\" data-end=\"1621\">\n<p data-start=\"1539\" data-end=\"1621\">Donn\u00e9es de contact : conserv\u00e9es le temps du suivi de la demande + 3 ans maximum.<\/p>\n<\/li>\n<li data-start=\"1622\" data-end=\"1697\">\n<p data-start=\"1624\" data-end=\"1697\">Donn\u00e9es li\u00e9es \u00e0 la facturation : conserv\u00e9es 10 ans (obligation l\u00e9gale).<\/p>\n<\/li>\n<\/ul>\n<h4 data-start=\"1699\" data-end=\"1714\">6. Cookies<\/h4>\n<p data-start=\"1715\" data-end=\"1752\">Mon site utilise des cookies pour :<\/p>\n<ul data-start=\"1753\" data-end=\"1853\">\n<li data-start=\"1753\" data-end=\"1814\">\n<p data-start=\"1755\" data-end=\"1814\">Mesurer la fr\u00e9quentation (Google Analytics ou \u00e9quivalent)<\/p>\n<\/li>\n<li data-start=\"1815\" data-end=\"1853\">\n<p data-start=\"1817\" data-end=\"1853\">Am\u00e9liorer l\u2019exp\u00e9rience utilisateur<\/p>\n<\/li>\n<\/ul>\n<p data-start=\"1855\" data-end=\"1953\">Vous pouvez g\u00e9rer vos pr\u00e9f\u00e9rences ou refuser les cookies via les param\u00e8tres de votre navigateur.<\/p>\n<h4 data-start=\"1955\" data-end=\"1973\">7. Vos droits<\/h4>\n<p data-start=\"1974\" data-end=\"2033\">Conform\u00e9ment au RGPD, vous disposez des droits suivants :<\/p>\n<ul data-start=\"2034\" data-end=\"2159\">\n<li data-start=\"2034\" data-end=\"2059\">\n<p data-start=\"2036\" data-end=\"2059\">Acc\u00e9der \u00e0 vos donn\u00e9es<\/p>\n<\/li>\n<li data-start=\"2060\" data-end=\"2094\">\n<p data-start=\"2062\" data-end=\"2094\">Les rectifier ou les supprimer<\/p>\n<\/li>\n<li data-start=\"2095\" data-end=\"2129\">\n<p data-start=\"2097\" data-end=\"2129\">Vous opposer \u00e0 leur traitement<\/p>\n<\/li>\n<li data-start=\"2130\" data-end=\"2159\">\n<p data-start=\"2132\" data-end=\"2159\">Demander leur portabilit\u00e9<\/p>\n<\/li>\n<\/ul>\n<p data-start=\"2161\" data-end=\"2222\">Pour exercer ces droits, \u00e9crivez \u00e0 <a class=\"email-address link-standard\" href=\"https:\/\/my.ionos.fr\/email-account-details\/mailbox\/17232887702\">info@idelostudio.com<\/a>.<\/p>\n<h4 data-start=\"2224\" data-end=\"2240\">8. S\u00e9curit\u00e9<\/h4>\n<p data-start=\"2241\" data-end=\"2377\">Je mets tout en \u0153uvre pour prot\u00e9ger vos donn\u00e9es, notamment par l\u2019utilisation de solutions s\u00e9curis\u00e9es (SSL, h\u00e9bergement conforme RGPD).<\/p>\n<h4 data-start=\"2379\" data-end=\"2394\">9. Contact<\/h4>\n<p data-start=\"2395\" data-end=\"2515\">Pour toute question concernant la pr\u00e9sente politique de confidentialit\u00e9, vous pouvez me contacter \u00e0 :<br data-start=\"2496\" data-end=\"2499\" \/>\ud83d\udce7 <a class=\"email-address link-standard\" href=\"https:\/\/my.ionos.fr\/email-account-details\/mailbox\/17232887702\">info@idelostudio.com<\/a><\/p>\t\t\t\t\t\t\t\t<\/div>\n\t\t\t\t<\/div>\n\t\t\t\t\t<\/div>\n\t\t\t\t<\/div>\n\t\t\t\t<\/div>\n\t\t","protected":false},"excerpt":{"rendered":"<p>Mentions l\u00e9gales En contrat CAPE au sein de la coop\u00e9rative d\u2019activit\u00e9s et d\u2019emploi Artenr\u00e9el depuis juin 2025.Soci\u00e9t\u00e9 Coop\u00e9rative \u00e0 Responsabilit\u00e9 [&hellip;]<\/p>\n","protected":false},"author":1,"featured_media":0,"parent":0,"menu_order":0,"comment_status":"closed","ping_status":"closed","template":"","meta":{"site-sidebar-layout":"default","site-content-layout":"","ast-site-content-layout":"default","site-content-style":"default","site-sidebar-style":"default","ast-global-header-display":"","ast-banner-title-visibility":"","ast-main-header-display":"","ast-hfb-above-header-display":"","ast-hfb-below-header-display":"","ast-hfb-mobile-header-display":"","site-post-title":"","ast-breadcrumbs-content":"","ast-featured-img":"","footer-sml-layout":"","ast-disable-related-posts":"","theme-transparent-header-meta":"","adv-header-id-meta":"","stick-header-meta":"","header-above-stick-meta":"","header-main-stick-meta":"","header-below-stick-meta":"","astra-migrate-meta-layouts":"default","ast-page-background-enabled":"default","ast-page-background-meta":{"desktop":{"background-color":"var(--ast-global-color-5)","background-image":"","background-repeat":"repeat","background-position":"center center","background-size":"auto","background-attachment":"scroll","background-type":"","background-media":"","overlay-type":"","overlay-color":"","overlay-opacity":"","overlay-gradient":""},"tablet":{"background-color":"","background-image":"","background-repeat":"repeat","background-position":"center center","background-size":"auto","background-attachment":"scroll","background-type":"","background-media":"","overlay-type":"","overlay-color":"","overlay-opacity":"","overlay-gradient":""},"mobile":{"background-color":"","background-image":"","background-repeat":"repeat","background-position":"center center","background-size":"auto","background-attachment":"scroll","background-type":"","background-media":"","overlay-type":"","overlay-color":"","overlay-opacity":"","overlay-gradient":""}},"ast-content-background-meta":{"desktop":{"background-color":"var(--ast-global-color-4)","background-image":"","background-repeat":"repeat","background-position":"center center","background-size":"auto","background-attachment":"scroll","background-type":"","background-media":"","overlay-type":"","overlay-color":"","overlay-opacity":"","overlay-gradient":""},"tablet":{"background-color":"var(--ast-global-color-4)","background-image":"","background-repeat":"repeat","background-position":"center center","background-size":"auto","background-attachment":"scroll","background-type":"","background-media":"","overlay-type":"","overlay-color":"","overlay-opacity":"","overlay-gradient":""},"mobile":{"background-color":"var(--ast-global-color-4)","background-image":"","background-repeat":"repeat","background-position":"center center","background-size":"auto","background-attachment":"scroll","background-type":"","background-media":"","overlay-type":"","overlay-color":"","overlay-opacity":"","overlay-gradient":""}},"_vp_format_video_url":"","_vp_image_focal_point":[],"footnotes":""},"class_list":["post-3162","page","type-page","status-publish","hentry"],"yoast_head":"<!-- This site is optimized with the Yoast SEO plugin v27.4 - https:\/\/yoast.com\/product\/yoast-seo-wordpress\/ -->\n<title>Politique de confidentialit\u00e9 - idelo<\/title>\n<meta name=\"robots\" content=\"index, follow, max-snippet:-1, max-image-preview:large, max-video-preview:-1\" \/>\n<link rel=\"canonical\" href=\"https:\/\/idelostudio.com\/?page_id=3162\" \/>\n<meta property=\"og:locale\" content=\"fr_FR\" \/>\n<meta property=\"og:type\" content=\"article\" \/>\n<meta property=\"og:title\" content=\"Politique de confidentialit\u00e9 - idelo\" \/>\n<meta property=\"og:description\" content=\"Mentions l\u00e9gales En contrat CAPE au sein de la coop\u00e9rative d\u2019activit\u00e9s et d\u2019emploi Artenr\u00e9el depuis juin 2025.Soci\u00e9t\u00e9 Coop\u00e9rative \u00e0 Responsabilit\u00e9 [&hellip;]\" \/>\n<meta property=\"og:url\" content=\"https:\/\/idelostudio.com\/?page_id=3162\" \/>\n<meta property=\"og:site_name\" content=\"idelo\" \/>\n<meta property=\"article:modified_time\" content=\"2025-08-23T09:50:28+00:00\" \/>\n<meta name=\"twitter:card\" content=\"summary_large_image\" \/>\n<meta name=\"twitter:label1\" content=\"Dur\u00e9e de lecture estim\u00e9e\" \/>\n\t<meta name=\"twitter:data1\" content=\"2 minutes\" \/>\n<script type=\"application\/ld+json\" class=\"yoast-schema-graph\">{\"@context\":\"https:\\\/\\\/schema.org\",\"@graph\":[{\"@type\":\"WebPage\",\"@id\":\"https:\\\/\\\/idelostudio.com\\\/?page_id=3162\",\"url\":\"https:\\\/\\\/idelostudio.com\\\/?page_id=3162\",\"name\":\"Politique de confidentialit\u00e9 - idelo\",\"isPartOf\":{\"@id\":\"https:\\\/\\\/idelostudio.com\\\/#website\"},\"datePublished\":\"2025-08-22T18:19:00+00:00\",\"dateModified\":\"2025-08-23T09:50:28+00:00\",\"breadcrumb\":{\"@id\":\"https:\\\/\\\/idelostudio.com\\\/?page_id=3162#breadcrumb\"},\"inLanguage\":\"fr-FR\",\"potentialAction\":[{\"@type\":\"ReadAction\",\"target\":[\"https:\\\/\\\/idelostudio.com\\\/?page_id=3162\"]}]},{\"@type\":\"BreadcrumbList\",\"@id\":\"https:\\\/\\\/idelostudio.com\\\/?page_id=3162#breadcrumb\",\"itemListElement\":[{\"@type\":\"ListItem\",\"position\":1,\"name\":\"Accueil\",\"item\":\"https:\\\/\\\/idelostudio.com\\\/\"},{\"@type\":\"ListItem\",\"position\":2,\"name\":\"Politique de confidentialit\u00e9\"}]},{\"@type\":\"WebSite\",\"@id\":\"https:\\\/\\\/idelostudio.com\\\/#website\",\"url\":\"https:\\\/\\\/idelostudio.com\\\/\",\"name\":\"idelo\",\"description\":\"Just another WordPress site\",\"publisher\":{\"@id\":\"https:\\\/\\\/idelostudio.com\\\/#organization\"},\"potentialAction\":[{\"@type\":\"SearchAction\",\"target\":{\"@type\":\"EntryPoint\",\"urlTemplate\":\"https:\\\/\\\/idelostudio.com\\\/?s={search_term_string}\"},\"query-input\":{\"@type\":\"PropertyValueSpecification\",\"valueRequired\":true,\"valueName\":\"search_term_string\"}}],\"inLanguage\":\"fr-FR\"},{\"@type\":\"Organization\",\"@id\":\"https:\\\/\\\/idelostudio.com\\\/#organization\",\"name\":\"idelo\",\"url\":\"https:\\\/\\\/idelostudio.com\\\/\",\"logo\":{\"@type\":\"ImageObject\",\"inLanguage\":\"fr-FR\",\"@id\":\"https:\\\/\\\/idelostudio.com\\\/#\\\/schema\\\/logo\\\/image\\\/\",\"url\":\"https:\\\/\\\/idelostudio.com\\\/wp-content\\\/uploads\\\/2025\\\/06\\\/cropped-cropped-Plan-de-travail-4-copie-5.png\",\"contentUrl\":\"https:\\\/\\\/idelostudio.com\\\/wp-content\\\/uploads\\\/2025\\\/06\\\/cropped-cropped-Plan-de-travail-4-copie-5.png\",\"width\":318,\"height\":309,\"caption\":\"idelo\"},\"image\":{\"@id\":\"https:\\\/\\\/idelostudio.com\\\/#\\\/schema\\\/logo\\\/image\\\/\"}}]}<\/script>\n<!-- \/ Yoast SEO plugin. -->","yoast_head_json":{"title":"Politique de confidentialit\u00e9 - idelo","robots":{"index":"index","follow":"follow","max-snippet":"max-snippet:-1","max-image-preview":"max-image-preview:large","max-video-preview":"max-video-preview:-1"},"canonical":"https:\/\/idelostudio.com\/?page_id=3162","og_locale":"fr_FR","og_type":"article","og_title":"Politique de confidentialit\u00e9 - idelo","og_description":"Mentions l\u00e9gales En contrat CAPE au sein de la coop\u00e9rative d\u2019activit\u00e9s et d\u2019emploi Artenr\u00e9el depuis juin 2025.Soci\u00e9t\u00e9 Coop\u00e9rative \u00e0 Responsabilit\u00e9 [&hellip;]","og_url":"https:\/\/idelostudio.com\/?page_id=3162","og_site_name":"idelo","article_modified_time":"2025-08-23T09:50:28+00:00","twitter_card":"summary_large_image","twitter_misc":{"Dur\u00e9e de lecture estim\u00e9e":"2 minutes"},"schema":{"@context":"https:\/\/schema.org","@graph":[{"@type":"WebPage","@id":"https:\/\/idelostudio.com\/?page_id=3162","url":"https:\/\/idelostudio.com\/?page_id=3162","name":"Politique de confidentialit\u00e9 - idelo","isPartOf":{"@id":"https:\/\/idelostudio.com\/#website"},"datePublished":"2025-08-22T18:19:00+00:00","dateModified":"2025-08-23T09:50:28+00:00","breadcrumb":{"@id":"https:\/\/idelostudio.com\/?page_id=3162#breadcrumb"},"inLanguage":"fr-FR","potentialAction":[{"@type":"ReadAction","target":["https:\/\/idelostudio.com\/?page_id=3162"]}]},{"@type":"BreadcrumbList","@id":"https:\/\/idelostudio.com\/?page_id=3162#breadcrumb","itemListElement":[{"@type":"ListItem","position":1,"name":"Accueil","item":"https:\/\/idelostudio.com\/"},{"@type":"ListItem","position":2,"name":"Politique de confidentialit\u00e9"}]},{"@type":"WebSite","@id":"https:\/\/idelostudio.com\/#website","url":"https:\/\/idelostudio.com\/","name":"idelo","description":"Just another WordPress site","publisher":{"@id":"https:\/\/idelostudio.com\/#organization"},"potentialAction":[{"@type":"SearchAction","target":{"@type":"EntryPoint","urlTemplate":"https:\/\/idelostudio.com\/?s={search_term_string}"},"query-input":{"@type":"PropertyValueSpecification","valueRequired":true,"valueName":"search_term_string"}}],"inLanguage":"fr-FR"},{"@type":"Organization","@id":"https:\/\/idelostudio.com\/#organization","name":"idelo","url":"https:\/\/idelostudio.com\/","logo":{"@type":"ImageObject","inLanguage":"fr-FR","@id":"https:\/\/idelostudio.com\/#\/schema\/logo\/image\/","url":"https:\/\/idelostudio.com\/wp-content\/uploads\/2025\/06\/cropped-cropped-Plan-de-travail-4-copie-5.png","contentUrl":"https:\/\/idelostudio.com\/wp-content\/uploads\/2025\/06\/cropped-cropped-Plan-de-travail-4-copie-5.png","width":318,"height":309,"caption":"idelo"},"image":{"@id":"https:\/\/idelostudio.com\/#\/schema\/logo\/image\/"}}]}},"_links":{"self":[{"href":"https:\/\/idelostudio.com\/index.php?rest_route=\/wp\/v2\/pages\/3162","targetHints":{"allow":["GET"]}}],"collection":[{"href":"https:\/\/idelostudio.com\/index.php?rest_route=\/wp\/v2\/pages"}],"about":[{"href":"https:\/\/idelostudio.com\/index.php?rest_route=\/wp\/v2\/types\/page"}],"author":[{"embeddable":true,"href":"https:\/\/idelostudio.com\/index.php?rest_route=\/wp\/v2\/users\/1"}],"replies":[{"embeddable":true,"href":"https:\/\/idelostudio.com\/index.php?rest_route=%2Fwp%2Fv2%2Fcomments&post=3162"}],"version-history":[{"count":15,"href":"https:\/\/idelostudio.com\/index.php?rest_route=\/wp\/v2\/pages\/3162\/revisions"}],"predecessor-version":[{"id":3206,"href":"https:\/\/idelostudio.com\/index.php?rest_route=\/wp\/v2\/pages\/3162\/revisions\/3206"}],"wp:attachment":[{"href":"https:\/\/idelostudio.com\/index.php?rest_route=%2Fwp%2Fv2%2Fmedia&parent=3162"}],"curies":[{"name":"wp","href":"https:\/\/api.w.org\/{rel}","templated":true}]}}